{"id":10,"date":"2018-09-20T21:36:09","date_gmt":"2018-09-20T19:36:09","guid":{"rendered":"http:\/\/artmasystem.pl\/artbongarten.de\/?page_id=10"},"modified":"2022-06-01T21:48:02","modified_gmt":"2022-06-01T19:48:02","slug":"kontakt","status":"publish","type":"page","link":"https:\/\/artbongarten.de\/index.php\/kontakt\/","title":{"rendered":"Kontakt"},"content":{"rendered":"<hr \/>\n<pre id=\"tw-target-text\" class=\"tw-data-text tw-ta tw-text-small\" dir=\"ltr\" data-placeholder=\"T\u0142umaczenie\" data-fulltext=\"\"><span lang=\"de\">Aufgrund der Intensit\u00e4t unserer Aktivit\u00e4ten bis zum 16 Uhr,kann es passieren, dass wir Ihr Telefon nicht immer sofort einnehmen k\u00f6nnen. Bitte haben Sie etwas Geduld. Wir werden Ihn auf jeden Fall schnelstm\u00f6glich zur\u00fcckrufen<\/span><\/pre>\n<p>+49 176 651 33 435<\/p>\n<p><i class=\"fa fa-fax\"><\/i>+49 157 331 81 489<\/p>\n<p><i class=\"fa fa-envelope\"><\/i><a href=\"mailto:info@artbongarten.de\">info@artbongarten.de<\/a><\/p>\n","protected":false},"excerpt":{"rendered":"<p>Aufgrund der Intensit\u00e4t unserer Aktivit\u00e4ten bis zum 16 Uhr,kann es passieren, dass wir Ihr Telefon nicht immer sofort einnehmen k\u00f6nnen. Bitte haben Sie etwas Geduld. Wir werden Ihn auf jeden Fall schnelstm\u00f6glich zur\u00fcckrufen +49 176 651 33 435 +49 157 331 81 489 info@artbongarten.de<\/p>\n","protected":false},"author":1,"featured_media":14,"parent":0,"menu_order":0,"comment_status":"closed","ping_status":"closed","template":"template-no-sidebar.php","meta":[],"_links":{"self":[{"href":"https:\/\/artbongarten.de\/index.php\/wp-json\/wp\/v2\/pages\/10"}],"collection":[{"href":"https:\/\/artbongarten.de\/index.php\/wp-json\/wp\/v2\/pages"}],"about":[{"href":"https:\/\/artbongarten.de\/index.php\/wp-json\/wp\/v2\/types\/page"}],"author":[{"embeddable":true,"href":"https:\/\/artbongarten.de\/index.php\/wp-json\/wp\/v2\/users\/1"}],"replies":[{"embeddable":true,"href":"https:\/\/artbongarten.de\/index.php\/wp-json\/wp\/v2\/comments?post=10"}],"version-history":[{"count":6,"href":"https:\/\/artbongarten.de\/index.php\/wp-json\/wp\/v2\/pages\/10\/revisions"}],"predecessor-version":[{"id":304,"href":"https:\/\/artbongarten.de\/index.php\/wp-json\/wp\/v2\/pages\/10\/revisions\/304"}],"wp:featuredmedia":[{"embeddable":true,"href":"https:\/\/artbongarten.de\/index.php\/wp-json\/wp\/v2\/media\/14"}],"wp:attachment":[{"href":"https:\/\/artbongarten.de\/index.php\/wp-json\/wp\/v2\/media?parent=10"}],"curies":[{"name":"wp","href":"https:\/\/api.w.org\/{rel}","templated":true}]}}