{"id":56,"date":"2018-09-26T20:51:06","date_gmt":"2018-09-26T18:51:06","guid":{"rendered":"http:\/\/artmasystem.pl\/artbongarten.de\/?page_id=56"},"modified":"2019-01-16T21:24:06","modified_gmt":"2019-01-16T20:24:06","slug":"gartenpflege","status":"publish","type":"page","link":"https:\/\/artbongarten.de\/index.php\/gartenpflege\/","title":{"rendered":"Gartenpflege"},"content":{"rendered":"<p><img loading=\"lazy\" class=\"wp-image-96 aligncenter\" src=\"http:\/\/artbongarten.de\/wp-content\/uploads\/2018\/09\/piel\u0119gnacja-300x168.jpg\" alt=\"\" width=\"648\" height=\"363\" srcset=\"https:\/\/artbongarten.de\/wp-content\/uploads\/2018\/09\/piel\u0119gnacja-300x168.jpg 300w, https:\/\/artbongarten.de\/wp-content\/uploads\/2018\/09\/piel\u0119gnacja-768x429.jpg 768w, https:\/\/artbongarten.de\/wp-content\/uploads\/2018\/09\/piel\u0119gnacja-1024x572.jpg 1024w\" sizes=\"(max-width: 648px) 100vw, 648px\" \/><\/p>\n<p>Gartenpflege und alle Arten von Behandlungen, die f\u00fcr die richtige Entwicklung und das Leben der Pflanzen notwendig sind: M\u00e4hen, Vertikutieren, vollst\u00e4ndige Regeneration von Rasenfl\u00e4chen, chemisches Spritzen, Formen der B\u00e4umen und Str\u00e4uchern, Gartenarchitektur Erhaltung und Renovierung. Wir haben ebenfalls Maschinen, um z.B, alte Rasen zu ersetzen.<\/p>\n<p><img loading=\"lazy\" class=\"wp-image-246 aligncenter\" src=\"http:\/\/artbongarten.de\/wp-content\/uploads\/2019\/01\/cbba1c_e38fc50f0a414c3fa8c667347ab938fd-300x225.jpg\" alt=\"\" width=\"562\" height=\"421\" srcset=\"https:\/\/artbongarten.de\/wp-content\/uploads\/2019\/01\/cbba1c_e38fc50f0a414c3fa8c667347ab938fd-300x225.jpg 300w, https:\/\/artbongarten.de\/wp-content\/uploads\/2019\/01\/cbba1c_e38fc50f0a414c3fa8c667347ab938fd-768x576.jpg 768w, https:\/\/artbongarten.de\/wp-content\/uploads\/2019\/01\/cbba1c_e38fc50f0a414c3fa8c667347ab938fd-1024x768.jpg 1024w\" sizes=\"(max-width: 562px) 100vw, 562px\" \/><\/p>\n<p><img loading=\"lazy\" class=\"wp-image-54 aligncenter\" src=\"http:\/\/artbongarten.de\/wp-content\/uploads\/2018\/09\/traktor-realizacje-300x168.jpg\" alt=\"\" width=\"560\" height=\"314\" srcset=\"https:\/\/artbongarten.de\/wp-content\/uploads\/2018\/09\/traktor-realizacje-300x168.jpg 300w, https:\/\/artbongarten.de\/wp-content\/uploads\/2018\/09\/traktor-realizacje-768x429.jpg 768w, https:\/\/artbongarten.de\/wp-content\/uploads\/2018\/09\/traktor-realizacje-1024x572.jpg 1024w\" sizes=\"(max-width: 560px) 100vw, 560px\" \/><\/p>\n","protected":false},"excerpt":{"rendered":"<p>Gartenpflege und alle Arten von Behandlungen, die f\u00fcr die richtige Entwicklung und das Leben der Pflanzen notwendig sind: M\u00e4hen, Vertikutieren, vollst\u00e4ndige Regeneration von Rasenfl\u00e4chen, chemisches Spritzen, Formen der B\u00e4umen und Str\u00e4uchern, Gartenarchitektur Erhaltung und Renovierung. Wir haben ebenfalls Maschinen, um z.B, alte Rasen zu ersetzen.<\/p>\n","protected":false},"author":1,"featured_media":0,"parent":0,"menu_order":0,"comment_status":"closed","ping_status":"closed","template":"template-no-sidebar.php","meta":[],"_links":{"self":[{"href":"https:\/\/artbongarten.de\/index.php\/wp-json\/wp\/v2\/pages\/56"}],"collection":[{"href":"https:\/\/artbongarten.de\/index.php\/wp-json\/wp\/v2\/pages"}],"about":[{"href":"https:\/\/artbongarten.de\/index.php\/wp-json\/wp\/v2\/types\/page"}],"author":[{"embeddable":true,"href":"https:\/\/artbongarten.de\/index.php\/wp-json\/wp\/v2\/users\/1"}],"replies":[{"embeddable":true,"href":"https:\/\/artbongarten.de\/index.php\/wp-json\/wp\/v2\/comments?post=56"}],"version-history":[{"count":18,"href":"https:\/\/artbongarten.de\/index.php\/wp-json\/wp\/v2\/pages\/56\/revisions"}],"predecessor-version":[{"id":248,"href":"https:\/\/artbongarten.de\/index.php\/wp-json\/wp\/v2\/pages\/56\/revisions\/248"}],"wp:attachment":[{"href":"https:\/\/artbongarten.de\/index.php\/wp-json\/wp\/v2\/media?parent=56"}],"curies":[{"name":"wp","href":"https:\/\/api.w.org\/{rel}","templated":true}]}}