{"id":59,"date":"2018-09-26T20:53:15","date_gmt":"2018-09-26T18:53:15","guid":{"rendered":"http:\/\/artmasystem.pl\/artbongarten.de\/?page_id=59"},"modified":"2019-01-16T21:25:22","modified_gmt":"2019-01-16T20:25:22","slug":"gartengestaltung","status":"publish","type":"page","link":"https:\/\/artbongarten.de\/index.php\/gartengestaltung\/","title":{"rendered":"Gartengestaltung"},"content":{"rendered":"<p>Als Kunde k\u00f6nnen Sie Ihre Ideen mit unserer Leidenschaft und Erfahrung kombinieren oder uns komplett mit der Gestaltung eines Gartens beauftragen. Wir erstellen Visualisierungen von Gr\u00fcnfl\u00e4chen, z. B. Gartengestaltung, Gartenarchitektur und automatische Bew\u00e4sserungssysteme. \u00dcberpr\u00fcfen Sie unsere Erfahrungen!<br \/>\nM\u00f6chten Sie Ihren Garten ver\u00e4ndern oder von Grund auf neu bauen?<\/p>\n<p class=\"western\">Z\u00f6gern Sie nicht uns zu <span style=\"color: #008000;\"><strong>kontaktieren!<\/strong><\/span><\/p>\n<p>&nbsp;<\/p>\n<p><img loading=\"lazy\" class=\" wp-image-249 aligncenter\" src=\"http:\/\/artbongarten.de\/wp-content\/uploads\/2019\/01\/headermoodboard3-300x154.jpg\" alt=\"\" width=\"587\" height=\"301\" srcset=\"https:\/\/artbongarten.de\/wp-content\/uploads\/2019\/01\/headermoodboard3-300x154.jpg 300w, https:\/\/artbongarten.de\/wp-content\/uploads\/2019\/01\/headermoodboard3.jpg 650w\" sizes=\"(max-width: 587px) 100vw, 587px\" \/><\/p>\n<p>&nbsp;<\/p>\n","protected":false},"excerpt":{"rendered":"<p>Als Kunde k\u00f6nnen Sie Ihre Ideen mit unserer Leidenschaft und Erfahrung kombinieren oder uns komplett mit der Gestaltung eines Gartens beauftragen. Wir erstellen Visualisierungen von Gr\u00fcnfl\u00e4chen, z. B. Gartengestaltung, Gartenarchitektur und automatische Bew\u00e4sserungssysteme. \u00dcberpr\u00fcfen Sie unsere Erfahrungen! M\u00f6chten Sie Ihren Garten ver\u00e4ndern oder von Grund auf neu bauen? Z\u00f6gern Sie nicht uns zu kontaktieren! &nbsp; &nbsp;<\/p>\n","protected":false},"author":1,"featured_media":179,"parent":0,"menu_order":0,"comment_status":"closed","ping_status":"closed","template":"template-no-sidebar.php","meta":[],"_links":{"self":[{"href":"https:\/\/artbongarten.de\/index.php\/wp-json\/wp\/v2\/pages\/59"}],"collection":[{"href":"https:\/\/artbongarten.de\/index.php\/wp-json\/wp\/v2\/pages"}],"about":[{"href":"https:\/\/artbongarten.de\/index.php\/wp-json\/wp\/v2\/types\/page"}],"author":[{"embeddable":true,"href":"https:\/\/artbongarten.de\/index.php\/wp-json\/wp\/v2\/users\/1"}],"replies":[{"embeddable":true,"href":"https:\/\/artbongarten.de\/index.php\/wp-json\/wp\/v2\/comments?post=59"}],"version-history":[{"count":10,"href":"https:\/\/artbongarten.de\/index.php\/wp-json\/wp\/v2\/pages\/59\/revisions"}],"predecessor-version":[{"id":256,"href":"https:\/\/artbongarten.de\/index.php\/wp-json\/wp\/v2\/pages\/59\/revisions\/256"}],"wp:featuredmedia":[{"embeddable":true,"href":"https:\/\/artbongarten.de\/index.php\/wp-json\/wp\/v2\/media\/179"}],"wp:attachment":[{"href":"https:\/\/artbongarten.de\/index.php\/wp-json\/wp\/v2\/media?parent=59"}],"curies":[{"name":"wp","href":"https:\/\/api.w.org\/{rel}","templated":true}]}}