{"id":71,"date":"2018-09-26T21:02:14","date_gmt":"2018-09-26T19:02:14","guid":{"rendered":"http:\/\/artmasystem.pl\/artbongarten.de\/?page_id=71"},"modified":"2019-01-17T00:01:06","modified_gmt":"2019-01-16T23:01:06","slug":"gartenarbeit","status":"publish","type":"page","link":"https:\/\/artbongarten.de\/index.php\/gartenarbeit\/","title":{"rendered":"Gartenarbeiten"},"content":{"rendered":"<p><span style=\"color: #339966;\"><strong>Wir erstellen G\u00e4rten, die auf die Bed\u00fcrfnisse des Kunden zugeschnitten sind!<\/strong><\/span><\/p>\n<p class=\"western\">G\u00e4rten von Grund auf neu zu gestalten, ist eine gro\u00dfe Herausforderung. Deshalb m\u00f6chten wir uns all unseren Kunden bedanken, mit denen wir gerne zusammengearbeitet haben. Wir bedanken uns f\u00fcr die nette Atmosph\u00e4re, das Vertrauen und die M\u00f6glichkeit, weitere Erfahrungen in der Gartengestaltung zu sammeln. Es gibt nichts besseres, als einen zufriedenen Kunden, und ein zufriedener Kunde bedeutet die n\u00e4chste Bestellung. Wenn Sie uns Ihren Freunden empfehlen, erhalten Sie einen zus\u00e4tzlichen Rabatt von 10% von uns.<\/p>\n<p><img loading=\"lazy\" class=\"alignnone size-medium wp-image-276\" src=\"http:\/\/artbongarten.de\/wp-content\/uploads\/2019\/01\/Ivey-2-Revised-300x225.jpg\" alt=\"\" width=\"300\" height=\"225\" srcset=\"https:\/\/artbongarten.de\/wp-content\/uploads\/2019\/01\/Ivey-2-Revised-300x225.jpg 300w, https:\/\/artbongarten.de\/wp-content\/uploads\/2019\/01\/Ivey-2-Revised-768x576.jpg 768w, https:\/\/artbongarten.de\/wp-content\/uploads\/2019\/01\/Ivey-2-Revised-1024x768.jpg 1024w\" sizes=\"(max-width: 300px) 100vw, 300px\" \/><\/p>\n<p>&nbsp;<\/p>\n","protected":false},"excerpt":{"rendered":"<p>Wir erstellen G\u00e4rten, die auf die Bed\u00fcrfnisse des Kunden zugeschnitten sind! G\u00e4rten von Grund auf neu zu gestalten, ist eine gro\u00dfe Herausforderung. Deshalb m\u00f6chten wir uns all unseren Kunden bedanken, mit denen wir gerne zusammengearbeitet haben. Wir bedanken uns f\u00fcr die nette Atmosph\u00e4re, das Vertrauen und die M\u00f6glichkeit, weitere Erfahrungen in der Gartengestaltung zu sammeln. Es gibt nichts besseres, als einen zufriedenen Kunden, und ein zufriedener Kunde bedeutet die n\u00e4chste Bestellung. Wenn Sie uns Ihren Freunden empfehlen, erhalten Sie einen zus\u00e4tzlichen Rabatt von 10% von uns. &nbsp;<\/p>\n","protected":false},"author":1,"featured_media":296,"parent":0,"menu_order":0,"comment_status":"closed","ping_status":"closed","template":"template-no-sidebar.php","meta":[],"_links":{"self":[{"href":"https:\/\/artbongarten.de\/index.php\/wp-json\/wp\/v2\/pages\/71"}],"collection":[{"href":"https:\/\/artbongarten.de\/index.php\/wp-json\/wp\/v2\/pages"}],"about":[{"href":"https:\/\/artbongarten.de\/index.php\/wp-json\/wp\/v2\/types\/page"}],"author":[{"embeddable":true,"href":"https:\/\/artbongarten.de\/index.php\/wp-json\/wp\/v2\/users\/1"}],"replies":[{"embeddable":true,"href":"https:\/\/artbongarten.de\/index.php\/wp-json\/wp\/v2\/comments?post=71"}],"version-history":[{"count":5,"href":"https:\/\/artbongarten.de\/index.php\/wp-json\/wp\/v2\/pages\/71\/revisions"}],"predecessor-version":[{"id":294,"href":"https:\/\/artbongarten.de\/index.php\/wp-json\/wp\/v2\/pages\/71\/revisions\/294"}],"wp:featuredmedia":[{"embeddable":true,"href":"https:\/\/artbongarten.de\/index.php\/wp-json\/wp\/v2\/media\/296"}],"wp:attachment":[{"href":"https:\/\/artbongarten.de\/index.php\/wp-json\/wp\/v2\/media?parent=71"}],"curies":[{"name":"wp","href":"https:\/\/api.w.org\/{rel}","templated":true}]}}