{"id":75,"date":"2018-09-26T21:03:09","date_gmt":"2018-09-26T19:03:09","guid":{"rendered":"http:\/\/artmasystem.pl\/artbongarten.de\/?page_id=75"},"modified":"2019-01-16T21:25:58","modified_gmt":"2019-01-16T20:25:58","slug":"holzterrassen","status":"publish","type":"page","link":"https:\/\/artbongarten.de\/index.php\/holzterrassen\/","title":{"rendered":"Holzterrassen"},"content":{"rendered":"<p class=\"western\" lang=\"de-DE\">Holzterrassen sind wegen ihrer Bauweise am beliebtesten. Es ist auch wichtig auf die Leichtigkeit des Austauschs , der besch\u00e4digten Elemente zu achten, was bei Betonterrassen ein Problem wird. Bei der Renovierung kann man auch die Farbe \u00e4ndern. Im Sommer verbrennen Holzterrassen unsere F\u00fc\u00dfe nicht, und bei k\u00fchlem Wetter werden sie uns w\u00e4rmen. Nat\u00fcrliches Holz hat auch einen angenehmen Duft, der nicht bei Kunststoffen verwendet wird.<\/p>\n<p><img loading=\"lazy\" class=\" wp-image-153\" src=\"http:\/\/artbongarten.de\/wp-content\/uploads\/2018\/09\/AdobeStock_162235808-300x200.jpeg\" alt=\"\" width=\"591\" height=\"394\" srcset=\"https:\/\/artbongarten.de\/wp-content\/uploads\/2018\/09\/AdobeStock_162235808-300x200.jpeg 300w, https:\/\/artbongarten.de\/wp-content\/uploads\/2018\/09\/AdobeStock_162235808-768x513.jpeg 768w, https:\/\/artbongarten.de\/wp-content\/uploads\/2018\/09\/AdobeStock_162235808-1024x684.jpeg 1024w\" sizes=\"(max-width: 591px) 100vw, 591px\" \/><\/p>\n<p>&nbsp;<\/p>\n<p><img loading=\"lazy\" class=\"alignnone wp-image-156\" src=\"http:\/\/artbongarten.de\/wp-content\/uploads\/2018\/09\/taras-drewniany-300x225.jpg\" alt=\"\" width=\"602\" height=\"452\" srcset=\"https:\/\/artbongarten.de\/wp-content\/uploads\/2018\/09\/taras-drewniany-300x225.jpg 300w, https:\/\/artbongarten.de\/wp-content\/uploads\/2018\/09\/taras-drewniany-768x576.jpg 768w, https:\/\/artbongarten.de\/wp-content\/uploads\/2018\/09\/taras-drewniany-1024x768.jpg 1024w\" sizes=\"(max-width: 602px) 100vw, 602px\" \/><\/p>\n<p><img loading=\"lazy\" class=\"alignnone wp-image-268\" src=\"http:\/\/artbongarten.de\/wp-content\/uploads\/2019\/01\/240_F_66663986_T8zNVrmX3YvRJPUm8HViHWAMyco6Mfcf-300x200.jpg\" alt=\"\" width=\"602\" height=\"401\" srcset=\"https:\/\/artbongarten.de\/wp-content\/uploads\/2019\/01\/240_F_66663986_T8zNVrmX3YvRJPUm8HViHWAMyco6Mfcf-300x200.jpg 300w, https:\/\/artbongarten.de\/wp-content\/uploads\/2019\/01\/240_F_66663986_T8zNVrmX3YvRJPUm8HViHWAMyco6Mfcf.jpg 360w\" sizes=\"(max-width: 602px) 100vw, 602px\" \/><\/p>\n<p>&nbsp;<\/p>\n<p>&nbsp;<\/p>\n","protected":false},"excerpt":{"rendered":"<p>Holzterrassen sind wegen ihrer Bauweise am beliebtesten. Es ist auch wichtig auf die Leichtigkeit des Austauschs , der besch\u00e4digten Elemente zu achten, was bei Betonterrassen ein Problem wird. Bei der Renovierung kann man auch die Farbe \u00e4ndern. Im Sommer verbrennen Holzterrassen unsere F\u00fc\u00dfe nicht, und bei k\u00fchlem Wetter werden sie uns w\u00e4rmen. Nat\u00fcrliches Holz hat auch einen angenehmen Duft, der nicht bei Kunststoffen verwendet wird. &nbsp; &nbsp; &nbsp;<\/p>\n","protected":false},"author":1,"featured_media":266,"parent":0,"menu_order":0,"comment_status":"closed","ping_status":"closed","template":"template-no-sidebar.php","meta":[],"_links":{"self":[{"href":"https:\/\/artbongarten.de\/index.php\/wp-json\/wp\/v2\/pages\/75"}],"collection":[{"href":"https:\/\/artbongarten.de\/index.php\/wp-json\/wp\/v2\/pages"}],"about":[{"href":"https:\/\/artbongarten.de\/index.php\/wp-json\/wp\/v2\/types\/page"}],"author":[{"embeddable":true,"href":"https:\/\/artbongarten.de\/index.php\/wp-json\/wp\/v2\/users\/1"}],"replies":[{"embeddable":true,"href":"https:\/\/artbongarten.de\/index.php\/wp-json\/wp\/v2\/comments?post=75"}],"version-history":[{"count":5,"href":"https:\/\/artbongarten.de\/index.php\/wp-json\/wp\/v2\/pages\/75\/revisions"}],"predecessor-version":[{"id":280,"href":"https:\/\/artbongarten.de\/index.php\/wp-json\/wp\/v2\/pages\/75\/revisions\/280"}],"wp:featuredmedia":[{"embeddable":true,"href":"https:\/\/artbongarten.de\/index.php\/wp-json\/wp\/v2\/media\/266"}],"wp:attachment":[{"href":"https:\/\/artbongarten.de\/index.php\/wp-json\/wp\/v2\/media?parent=75"}],"curies":[{"name":"wp","href":"https:\/\/api.w.org\/{rel}","templated":true}]}}