{"id":79,"date":"2018-09-26T21:03:48","date_gmt":"2018-09-26T19:03:48","guid":{"rendered":"http:\/\/artmasystem.pl\/artbongarten.de\/?page_id=79"},"modified":"2019-01-18T15:48:57","modified_gmt":"2019-01-18T14:48:57","slug":"gesat-rasen","status":"publish","type":"page","link":"https:\/\/artbongarten.de\/index.php\/gesat-rasen\/","title":{"rendered":"Der Rasen aus der Aussaat"},"content":{"rendered":"<p>Der Rasen aus der Aussaat ist zwar eine L\u00f6sung f\u00fcr den geduldigen G\u00e4rtner, aber der billigste Weg, den Garten gr\u00fcn zu machen. Der Vorteil des Saatrasens ist auch, dass wir Samenmischungen herstellen k\u00f6nnen, die am besten in einzelne Teile des Gartens passen, z.B. Samen, die f\u00fcr schattige oder sonnige Pl\u00e4tze geeignet sind.<\/p>\n<p>&nbsp;<\/p>\n<p>danach<\/p>\n<p><img loading=\"lazy\" class=\"wp-image-137 aligncenter\" src=\"http:\/\/artbongarten.de\/wp-content\/uploads\/2018\/09\/siany-po-300x168.jpg\" alt=\"\" width=\"592\" height=\"332\" srcset=\"https:\/\/artbongarten.de\/wp-content\/uploads\/2018\/09\/siany-po-300x168.jpg 300w, https:\/\/artbongarten.de\/wp-content\/uploads\/2018\/09\/siany-po-768x429.jpg 768w, https:\/\/artbongarten.de\/wp-content\/uploads\/2018\/09\/siany-po-1024x572.jpg 1024w\" sizes=\"(max-width: 592px) 100vw, 592px\" \/><\/p>\n<p>vorher<\/p>\n<p><img loading=\"lazy\" class=\"wp-image-139 aligncenter\" src=\"http:\/\/artbongarten.de\/wp-content\/uploads\/2018\/09\/siany-przed-300x168.jpg\" alt=\"\" width=\"593\" height=\"332\" srcset=\"https:\/\/artbongarten.de\/wp-content\/uploads\/2018\/09\/siany-przed-300x168.jpg 300w, https:\/\/artbongarten.de\/wp-content\/uploads\/2018\/09\/siany-przed-768x429.jpg 768w, https:\/\/artbongarten.de\/wp-content\/uploads\/2018\/09\/siany-przed-1024x572.jpg 1024w\" sizes=\"(max-width: 593px) 100vw, 593px\" \/><\/p>\n","protected":false},"excerpt":{"rendered":"<p>Der Rasen aus der Aussaat ist zwar eine L\u00f6sung f\u00fcr den geduldigen G\u00e4rtner, aber der billigste Weg, den Garten gr\u00fcn zu machen. Der Vorteil des Saatrasens ist auch, dass wir Samenmischungen herstellen k\u00f6nnen, die am besten in einzelne Teile des Gartens passen, z.B. Samen, die f\u00fcr schattige oder sonnige Pl\u00e4tze geeignet sind. &nbsp; danach vorher<\/p>\n","protected":false},"author":1,"featured_media":136,"parent":0,"menu_order":0,"comment_status":"closed","ping_status":"closed","template":"template-no-sidebar.php","meta":[],"_links":{"self":[{"href":"https:\/\/artbongarten.de\/index.php\/wp-json\/wp\/v2\/pages\/79"}],"collection":[{"href":"https:\/\/artbongarten.de\/index.php\/wp-json\/wp\/v2\/pages"}],"about":[{"href":"https:\/\/artbongarten.de\/index.php\/wp-json\/wp\/v2\/types\/page"}],"author":[{"embeddable":true,"href":"https:\/\/artbongarten.de\/index.php\/wp-json\/wp\/v2\/users\/1"}],"replies":[{"embeddable":true,"href":"https:\/\/artbongarten.de\/index.php\/wp-json\/wp\/v2\/comments?post=79"}],"version-history":[{"count":8,"href":"https:\/\/artbongarten.de\/index.php\/wp-json\/wp\/v2\/pages\/79\/revisions"}],"predecessor-version":[{"id":298,"href":"https:\/\/artbongarten.de\/index.php\/wp-json\/wp\/v2\/pages\/79\/revisions\/298"}],"wp:featuredmedia":[{"embeddable":true,"href":"https:\/\/artbongarten.de\/index.php\/wp-json\/wp\/v2\/media\/136"}],"wp:attachment":[{"href":"https:\/\/artbongarten.de\/index.php\/wp-json\/wp\/v2\/media?parent=79"}],"curies":[{"name":"wp","href":"https:\/\/api.w.org\/{rel}","templated":true}]}}